{"id":134,"date":"2022-08-22T21:58:16","date_gmt":"2022-08-22T19:58:16","guid":{"rendered":"https:\/\/paketikett.at\/?page_id=134"},"modified":"2022-08-22T22:03:09","modified_gmt":"2022-08-22T20:03:09","slug":"impressum","status":"publish","type":"page","link":"https:\/\/paketikett.at\/en\/impressum\/","title":{"rendered":"Imprint"},"content":{"rendered":"<p><strong>Offenlegung nach \u00a7 25 Mediengesetz&nbsp;Unternehmen:<\/strong><\/p>\n\n\n\n<p>Gebr\u00fcder Weiss Paketdienst Gesellschaft mbH<br>Arbeitergasse 50<br>A-2333 Leopoldsdorf<br>Tel. +43 (0) 5 \/ 7877777<br>Fax: +43 (0) 59006 \/ 8690<br>e-mail:\u00a0<a rel=\"noreferrer noopener\" href=\"mailto:it-kundenberatung@gwp.dpd.at\" target=\"_blank\">it-kundenberatung@gwp.dpd.at<\/a><\/p>\n\n\n\n<p>Firmenbuch: Landesgericht Feldkirch FN 33745a<\/p>\n\n\n\n<ul class=\"wp-block-list\"><li>UID: ATU35761608<\/li><li>Gesch\u00e4ftsf\u00fchrer: Andreas Winkelmayer, Mag. Daniel Neumann<\/li><li>Mitgliedschaften: Wirtschaftskammer \u00d6sterreich<\/li><\/ul>","protected":false},"excerpt":{"rendered":"<p>Offenlegung nach \u00a7 25 Mediengesetz&nbsp;Unternehmen: Gebr\u00fcder Weiss Paketdienst Gesellschaft mbHArbeitergasse 50A-2333 LeopoldsdorfTel. +43 (0) 5 \/ 7877777Fax: +43 (0) 59006 \/ 8690e-mail:\u00a0it-kundenberatung@gwp.dpd.at Firmenbuch: Landesgericht Feldkirch FN 33745a UID: ATU35761608 Gesch\u00e4ftsf\u00fchrer: Andreas Winkelmayer, Mag. Daniel Neumann Mitgliedschaften: Wirtschaftskammer \u00d6sterreich<\/p>","protected":false},"author":1,"featured_media":0,"parent":0,"menu_order":0,"comment_status":"closed","ping_status":"closed","template":"","meta":{"footnotes":""},"class_list":["post-134","page","type-page","status-publish","hentry"],"_links":{"self":[{"href":"https:\/\/paketikett.at\/en\/wp-json\/wp\/v2\/pages\/134","targetHints":{"allow":["GET"]}}],"collection":[{"href":"https:\/\/paketikett.at\/en\/wp-json\/wp\/v2\/pages"}],"about":[{"href":"https:\/\/paketikett.at\/en\/wp-json\/wp\/v2\/types\/page"}],"author":[{"embeddable":true,"href":"https:\/\/paketikett.at\/en\/wp-json\/wp\/v2\/users\/1"}],"replies":[{"embeddable":true,"href":"https:\/\/paketikett.at\/en\/wp-json\/wp\/v2\/comments?post=134"}],"version-history":[{"count":3,"href":"https:\/\/paketikett.at\/en\/wp-json\/wp\/v2\/pages\/134\/revisions"}],"predecessor-version":[{"id":139,"href":"https:\/\/paketikett.at\/en\/wp-json\/wp\/v2\/pages\/134\/revisions\/139"}],"wp:attachment":[{"href":"https:\/\/paketikett.at\/en\/wp-json\/wp\/v2\/media?parent=134"}],"curies":[{"name":"wp","href":"https:\/\/api.w.org\/{rel}","templated":true}]}}