{"id":142,"date":"2022-08-22T22:11:31","date_gmt":"2022-08-22T20:11:31","guid":{"rendered":"https:\/\/paketikett.at\/?page_id=142"},"modified":"2022-08-22T22:11:31","modified_gmt":"2022-08-22T20:11:31","slug":"datenschutzerklaerung","status":"publish","type":"page","link":"https:\/\/paketikett.at\/en\/datenschutzerklaerung\/","title":{"rendered":"Privacy policy"},"content":{"rendered":"<p>Auf paketikett.at werden keine Cookies eingesetzt, oder sonstige Analysetools verwendet. Beim Download der angebotenen Dokumente wird die E-Mail-Adresse abgefragt und gespeichert. Dies ist die einzige Verarbeitung personenbezogener Daten. Die Speicherung der E-Mail-Adresse erfolgt zum Zweck der Dokumentation dar\u00fcber, welche Kunden die Informationen zur Paketscheinumstellung bereits erhalten haben. So ist ein \u00dcberblick m\u00f6glich und die Kommunikation kann unter Ber\u00fccksichtigung der erhobenen Daten erfolgen.<\/p>\n\n\n\n<p>Dar\u00fcber hinaus gilt die Datenschutzerkl\u00e4rung unter <a href=\"https:\/\/www.dpd.com\/at\/de\/datenschutz\/\" target=\"_blank\" rel=\"noreferrer noopener\">https:\/\/www.dpd.com\/at\/de\/datenschutz\/<\/a><\/p>","protected":false},"excerpt":{"rendered":"<p>Auf paketikett.at werden keine Cookies eingesetzt, oder sonstige Analysetools verwendet. Beim Download der angebotenen Dokumente wird die E-Mail-Adresse abgefragt und gespeichert. Dies ist die einzige Verarbeitung personenbezogener Daten. Die Speicherung der E-Mail-Adresse erfolgt zum Zweck der Dokumentation dar\u00fcber, welche Kunden die Informationen zur Paketscheinumstellung bereits erhalten haben. So ist ein \u00dcberblick m\u00f6glich und die Kommunikation [&hellip;]<\/p>\n","protected":false},"author":1,"featured_media":0,"parent":0,"menu_order":0,"comment_status":"closed","ping_status":"closed","template":"","meta":{"footnotes":""},"class_list":["post-142","page","type-page","status-publish","hentry"],"_links":{"self":[{"href":"https:\/\/paketikett.at\/en\/wp-json\/wp\/v2\/pages\/142","targetHints":{"allow":["GET"]}}],"collection":[{"href":"https:\/\/paketikett.at\/en\/wp-json\/wp\/v2\/pages"}],"about":[{"href":"https:\/\/paketikett.at\/en\/wp-json\/wp\/v2\/types\/page"}],"author":[{"embeddable":true,"href":"https:\/\/paketikett.at\/en\/wp-json\/wp\/v2\/users\/1"}],"replies":[{"embeddable":true,"href":"https:\/\/paketikett.at\/en\/wp-json\/wp\/v2\/comments?post=142"}],"version-history":[{"count":1,"href":"https:\/\/paketikett.at\/en\/wp-json\/wp\/v2\/pages\/142\/revisions"}],"predecessor-version":[{"id":143,"href":"https:\/\/paketikett.at\/en\/wp-json\/wp\/v2\/pages\/142\/revisions\/143"}],"wp:attachment":[{"href":"https:\/\/paketikett.at\/en\/wp-json\/wp\/v2\/media?parent=142"}],"curies":[{"name":"wp","href":"https:\/\/api.w.org\/{rel}","templated":true}]}}